{"id":1345,"date":"2019-04-02T17:56:50","date_gmt":"2019-04-02T17:56:50","guid":{"rendered":"http:\/\/www.salonandreea.ro\/?page_id=1345"},"modified":"2019-04-16T13:07:54","modified_gmt":"2019-04-16T13:07:54","slug":"confidentialitate","status":"publish","type":"page","link":"https:\/\/salonandreea.ro\/index.php\/confidentialitate\/","title":{"rendered":"Confidentialitate"},"content":{"rendered":"<div class=\"container section-title-container\" ><h3 class=\"section-title section-title-center\"><b><\/b><span class=\"section-title-main\" >Politica de Confidentialitate<\/span><b><\/b><\/h3><\/div>\n<ol>\n<li>Informatii generale<\/li>\n<\/ol>\n<p>Confidentialitatea datelor dumneavoastra cu caracter personal reprezinta una dintre preocuparile principale ale site-ului nostru, \u00een calitate de operator de date.<\/p>\n<p>Acest document are rolul de a va informa cu privire la prelucrarea datelor dumneavoastra cu caracter personal, \u00een contextul utilizarii site-ului nostru.<\/p>\n<ol>\n<li>Categoriile de date cu caracter personal prelucrate<\/li>\n<\/ol>\n<p>II.1. Daca sunteti client al site-ului nostru vom prelucra datele dumneavoastra cu caracter personal, cum ar fi nume si prenume, telefon, adresa de e-mail, adresa de facturare, adresa de livrare, date referitoare la modul \u00een care utilizati Site-ul, de exemplu comportamentul\/preferintele\/obisnuintele dumneavoastra \u00een cadrul societatii, precum si orice alte categorii de date pe care le furnizati \u00een mod direct \u00een contextul utilizarii Site-ului.<\/p>\n<p>Pentru a intra in contact cu noi prin intermediul chatului de pe site, utilizati contul dumneavoastra de Facebook sau Google, site-ul nostru va prelucra urmatoarele date publice de profil afisate de aplicatiile respective: nume utilizator, adresa de e-mail.<\/p>\n<p>II.2. Daca sunteti vizitator al Site-ului nostru vom prelucra datele dumneavoastra cu caracter personal pe care le furnizati \u00een mod direct \u00een contextul utilizarii site-ului, cum ar fi datele pe care le furnizati \u00een cadrul sectiunii de contact \/ \u00eentrebari \/ reclamatii, \u00een masura \u00een care ne contactati \u00een acest fel.<\/p>\n<p>III. Scopurile si temeiurile prelucrarii<\/p>\n<p>III.1. Daca sunteti client, site-ul nostru prelucreaza datele dumneavoastra cu caracter personal astfel:<\/p>\n<ul>\n<li>prelucrarea datelor dumneavoastra pentru acest scop este necesara \u00een baza unor obligatii legale. Furnizarea datelor dumneavoastra \u00een acest scop este necesara. Refuzul furnizarii datelor poate avea drept consecinta imposibilitatea societatii nostre de a respecta obligatiile legale care \u00eei revin si deci \u00een imposibilitatea de a va oferi serviciile prin intermediul Site-ului.<\/li>\n<li>pentru activitati de marketing, respectiv pentru transmiterea, prin intermediul mijloacelor de comunicare la distanta (e-mail, sms) de comunicari comerciale privind produsele si serviciile oferite de societatea nostra, prin intermediul Site-ului.<br \/>Prelucrarea datelor dumneavoastra pentru acest scop are la baza consimtam\u00e2ntul dumneavoastra, daca alegeti sa-l furnizati.<\/li>\n<\/ul>\n<p>Va puteti exprima consimtam\u00e2ntul pentru prelucrarea datelor \u00een acest scop prin bifarea casutei corespunzatoare de la momentul accesarii site-ului, sau ulterior. Pentru dezabonarea de la primirea unor astfel de comunicari comerciale puteti folosi optiunea de la finalul fiecarui e-mail\/ sms contin\u00e2nd comunicari comerciale. \u00cen plus, puteti sa va dezabonati prin accesarea sectiunii \u201cstergere date\u201d.<\/p>\n<p>Furnizarea datelor dumneavoastra \u00een acest scop este voluntara. Refuzul furnizarii consimtam\u00e2ntului pentru prelucrarea datelor dumneavoastra \u00een acest scop nu va avea urmari negative pentru dumneavoastra.<br \/>\u2022 \u00een scopul efectuarii diverselor analize, raportari privind modul de functionare a site-ului, realizarea de profiluri de preferinte de consum, \u00een principal, \u00een vederea \u00eembunatatiri experientei oferite pe Site.<br \/>\u00a0Prelucrarea datelor dumneavoastra pentru acest scop are la baza interesul legitim al societatii noastre de a \u00eembunatatii permanent experienta clientilor pe site. Furnizarea datelor dumneavoastra \u00een acest scop este voluntara. Refuzul furnizarii datelor pentru acest scop nu va avea urmari negative pentru dumneavoastra.<\/p>\n<p>III.2. Daca sunteti vizitator al site-ului, societatea nostra prelucreaza datele dumneavoastra cu caracter personal astfel:<br \/>\u2022 pentru activitati de marketing, respectiv pentru transmiterea, prin intermediul mijloacelor de comunicare la distanta (e-mail, sms), de comunicari comerciale privind produsele si serviciile oferite de societatea nostra, prin intermediul Site-ului.<br \/>\u00a0Prelucrarea datelor dumneavoastra pentru acest scop are la baza consimtam\u00e2ntul dumneavoastra, daca alegeti sa-l furnizati.<\/p>\n<p>Va puteti exprima consimtam\u00e2ntul pentru prelucrarea datelor \u00een acest scop prin completarea si bifarea casutei corespunzatoare din formularul pentru abonarea la newsletter disponibil pe site. Pentru dezabonarea de la primirea unor astfel de comunicari comerciale puteti folosi optiunea de la finalul fiecarui e-mail\/ sms contin\u00e2nd comunicari comerciale.<br \/>Furnizarea datelor dumneavoastra \u00een acest scop este voluntara. Refuzul furnizarii consimtam\u00e2ntului pentru prelucrarea datelor dumneavoastra \u00een acest scop nu va avea urmari negative pentru dumneavoastra.<\/p>\n<ul>\n<li>pentru rezolvarea pl\u00e2ngerilor, reclamatiilor si pentru a monitoriza traficul si a \u00eembunatatii experienta dumneavoastra oferita pe Site.<br \/>Prelucrarea datelor dumneavoastra pentru acest scop are la baza interesul legitim al siteului nostru de a asigura functionarea corecta a Site-ului, precum si pentru a \u00eembunatatii permanent experienta vizitatorilor site-ului, inclusiv prin solutionarea diferitelor comentarii, \u00eentrebari sau reclamatii.<br \/>Furnizarea datelor dumneavoastra \u00een acest scop este voluntara. Refuzul furnizarii datelor pentru acest scop nu va avea urmari negative pentru dumneavoastra.<\/li>\n<\/ul>\n<ol>\n<li>Durata pentru care va prelucram datele<\/li>\n<\/ol>\n<p>Ca principiu, societatea nostra va prelucra datele dumneavoastra cu caracter personal at\u00e2t c\u00e2t este necesar pentru realizarea scopurilor de prelucrare mentionate mai sus.<\/p>\n<p>\u00cen cazul \u00een care sunteti client, vom prelucra datele dumneavoastra pe \u00eentreaga durata a raporturilor contractuale si ulterior conform obligatiilor legale care revin \u00een sarcina societatii noastre (de ex., \u00een cazul documentelor justificative financiar-contabile pentru care termenul de pastrare prevazut de lege este de 10 ani de la data \u00eencheierii exercitiului financiar \u00een cursul caruia au fost \u00eentocmite).<\/p>\n<p>Daca va retrageti consimtam\u00e2ntul pentru prelucrarea datelor \u00een scop de marketing, societatea nostra va \u00eenceta prelucrarea datelor dumneavoastra cu caracter personal \u00een acest scop, fara \u00eensa a afecta prelucrarile desfasurate de societatea nostra pe baza consimtam\u00e2ntului exprimat de catre dumneavoastra \u00eenainte de retragerea acestuia.<\/p>\n<p>\u00a0<\/p>\n<ol>\n<li>Dezvaluirea datelor cu caracter personal<\/li>\n<\/ol>\n<p>Pentru \u00eendeplinirea scopurilor de prelucrare, societatea nostra poate dezvalui datele dumneavoastra catre parteneri, catre terte persoane sau entitati care sprijina societatea nostra \u00een desfasurarea activitatii prin intermediul site-ului (de exemplu: furnizori de servicii IT), ori catre autoritatile publice centrale\/locale, \u00een urmatoarele cazuri exemplificativ enumerate:<br \/>\u2022 pentru administrarea site-ului;<br \/>\u2022 \u00een situatiile \u00een care aceasta comunicare ar fi necesara pentru atribuirea de premii sau alte facilitati persoanelor vizate, obtinute ca urmare a participarii lor la diverse campanii promotionale organizate de catre societatea nostra prin intermediul site-ului;<br \/>\u2022 pentru mentinerea, personalizarea si \u00eembunatatirea site-ului si a serviciilor derulate prin intermediul lui;<br \/>\u2022 pentru efectuarea analizei datelor, testarea si cercetarea, monitorizarea tendintelor de utilizare si activitate, dezvoltarea caracteristicilor de siguranta si autentificarea utilizatorilor;<br \/>\u2022 pentru transmiterea de comunicari comerciale de marketing, \u00een conditiile si limitele prevazute de lege;<br \/>\u2022 atunci c\u00e2nd dezvaluirea datelor cu caracter personal este prevazuta de lege etc.<\/p>\n<ol>\n<li>Transferul datelor cu caracter personal<\/li>\n<\/ol>\n<p>Datele cu caracter personal furnizate catre societatea nostra pot fi transferate \u00een afara Rom\u00e2niei, dar doar catre state din Uniunea Europeana.<\/p>\n<p>VII. Drepturile de care beneficiati<\/p>\n<p>\u00cen conditiile prevazute de legislatia \u00een materia prelucrarii datelor cu caracter personal, \u00een calitate de persoane vizate, beneficiati de urmatoarele drepturi:<br \/>\u2022 dreptul la informare, respectiv dreptul de a primi detalii privind activitatile de prelucrare efectuate de catre societatea nostra, conform celor descrise \u00een prezentul document;<br \/>\u2022 dreptul de acces la date, respectiv dreptul de a obtine confirmarea din partea societatii nostre cu privire la prelucrarea datelor cu caracter personal, precum si detalii privind activitatile de prelucrare precum modalitatea \u00een care sunt prelucrate datele, scopul \u00een care se face prelucrarea, destinatarii sau categoriile de destinatari ai datelor, etc;<br \/>\u2022 dreptul la rectificare, respectiv dreptul de a obtine corectarea, fara \u00eent\u00e2rzieri justificate, de catre societatea nostra a datelor cu caracter personal inexacte\/ nejustificate, precum si completarea datelor incomplete; Rectificarea\/ completarea va fi comunicata fiecarui destinatar la care au fost transmise datele, cu exceptia cazului \u00een care acest lucru se dovedeste imposibil sau presupune eforturi disproportionate.<br \/>\u2022 dreptul la stergerea datelor, fara \u00eent\u00e2rzieri nejustificate, (\u201edreptul de a fi uitat\u201d), \u00een cazul in care se aplica unul dintre urmatoarele motive:<\/p>\n<ul>\n<li>acestea nu mai sunt necesare pentru \u00eendeplinirea scopurilor pentru care au fost colectate sau prelucrate\u2019<\/li>\n<li>\u00een cazul \u00een care este retras consimtam\u00e2ntul si nu exista niciun alt temei juridic pentru prelucrare;<\/li>\n<li>\u00een cazul \u00een care persoana vizata se opune prelucrarii si nu exista motive legitime care sa prevaleze;<\/li>\n<li>\u00een cazul \u00een care datele cu caracter personal au fost prelucrate ilegal;<\/li>\n<li>\u00een cazul \u00een care datele cu caracter personal trebuie sterse pentru respectarea unei obligatii legale;<\/li>\n<li>datele cu caracter personal au fost colectate \u00een legatura cu oferirea de servicii ale societatii informationale conform dreptului Uniunii sau al dreptului intern sub incidenta caruia se afla operatorul.<\/li>\n<li>este posibil ca, \u00een urma solicitarii de stergere a datelor, societatea nostra sa anonimizeze aceste date (lipsindu-le astfel de caracterul personal) si sa continue \u00een aceste conditii prelucrarea pentru scopuri statistice;<br \/>\u2022 dreptul la restrictionarea prelucrarii \u00een masura \u00een care :<\/li>\n<li>persoana contesta exactitatea datelor, pe o perioada care ne permite verificarea corectitudinii datelor;<\/li>\n<li>prelucrarea este ilegala, iar persoana vizata se opune stergerii datelor cu caracter personal, solicit\u00e2nd \u00een schimb restrictionarea utilizarii lor;<\/li>\n<li>operatorul nu mai are nevoie de datele cu caracter personal \u00een scopul prelucrarii, dar persoana vizata i le solicita pentru constatarea, exercitarea sau apararea unui drept \u00een instanta;<\/li>\n<li>persoana vizata s-a opus prelucrarii (altele dec\u00e2t cele de marketing direct), pentru intervalul de timp \u00een care se verifica daca drepturile legitime ale operatorului prevaleaza asupra celor ale persoanei vizate.<\/li>\n<li>dreptul la portabilitatea datelor, respectiv dreptul de a primi datele cu caracter personal \u00eentr-o modalitate structurata, folosita \u00een mod obisnuit si \u00eentr-un format usor de citit, precum si dreptul ca aceste date sa fie transmise de catre societatea nostra catre alt operator de date, \u00een masura \u00een care sunt \u00eendeplinite conditiile prevazute de lege;<br \/>\u2022 dreptul la opozitie \u2013 \u00een ceea ce priveste activitatile de prelucrare se poate exercita prin transmiterea unei solicitari conform celor indicate mai jos:<\/li>\n<li>\u00een orice moment, din motive legate de situatia particulara \u00een care se afla persoana vizata, ca datele care o vizeaza sa fie prelucrate \u00een temeiul interesului legitim al societatii noastre sau \u00een temeiul interesului public, cu exceptia cazurilor \u00een care societatea noastra poate demonstra ca are motive legitime si imperioase care justifica prelucarea si care prevaleaza asupra intereselor, drepturilor si libertatilor persoanelor vizate sau ca scopul este constatarea, exercitarea sau apararea unui drept \u00een instanta;<\/li>\n<li>\u00een orice moment, \u00een mod gratuit si fara nicio justificare, ca datele care o vizeaza sa fie prelucrate \u00een scop de marketing direct.<\/li>\n<li>dreptul de a nu fi supus unei decizii individuale automate, respectiv dreptul de a nu fi subiectul unei decizii luate numai pe baza unor activitati de prelucrare automate, inclusiv crearea de profiluri, care produce efecte juridice care privesc persoana vizata sau o afecteaza \u00een mod similar \u00eentr-o masura semnificativa;<br \/>\u2022 dreptul de a va adresa Autoritatii Nationale de Supraveghere a Prelucrarii Datelor cu Caracter Personal sau instantelor competente, \u00een masura \u00een care considerati necesar.<\/li>\n<\/ul>\n<p>Pentru orice \u00eentreb\u0103ri suplimentare cu privire la modul \u00een care datele cu caracter personal sunt prelucrate \u0219i pentru a v\u0103 exercita drepturile men\u021bionate mai sus, v\u0103 rug\u0103m s\u0103 v\u0103 adresa\u021bi la adresa de email:\u00a0<a href=\"mailto:office@salonandreea.ro\">office@salonandreea.ro<\/a><u>, <\/u>sau la numarul de telefon afisat in sectiunea \u201ccontact\u201d.<\/p>\n<p>\u00a0<\/p>\n<p>Aceast\u0103 pagin\u0103 de Internet folose\u0219te fi\u0219iere de tip cookie. Pentru mai multe informa\u021bii cu privire la modul \u00een care se folosesc aceste fi\u0219iere, v\u0103 rug\u0103m s\u0103 accesa\u021bi urm\u0103torul link:\u00a0<a href=\"http:\/\/www.salonandreea.ro\/index.php\/despre-cookie-uri\/\">http:\/\/www.salonandreea.ro\/index.php\/despre-cookie-uri\/<\/a><\/p>\n<p>\u00a0<\/p>\n<p>\u00a0<\/p>\n<p>\u00a0<\/p>\n","protected":false},"excerpt":{"rendered":"<p>Informatii generale Confidentialitatea datelor dumneavoastra cu caracter personal reprezinta una dintre preocuparile principale ale site-ului nostru, \u00een calitate de operator de date. Acest document are rolul de a va informa cu privire la prelucrarea datelor dumneavoastra cu caracter personal, \u00een contextul utilizarii site-ului nostru. Categoriile de date cu caracter personal prelucrate II.1. Daca sunteti client [&#8230;]\n","protected":false},"author":1,"featured_media":0,"parent":0,"menu_order":0,"comment_status":"closed","ping_status":"closed","template":"","meta":{"footnotes":""},"class_list":["post-1345","page","type-page","status-publish","hentry"],"_links":{"self":[{"href":"https:\/\/salonandreea.ro\/index.php\/wp-json\/wp\/v2\/pages\/1345","targetHints":{"allow":["GET"]}}],"collection":[{"href":"https:\/\/salonandreea.ro\/index.php\/wp-json\/wp\/v2\/pages"}],"about":[{"href":"https:\/\/salonandreea.ro\/index.php\/wp-json\/wp\/v2\/types\/page"}],"author":[{"embeddable":true,"href":"https:\/\/salonandreea.ro\/index.php\/wp-json\/wp\/v2\/users\/1"}],"replies":[{"embeddable":true,"href":"https:\/\/salonandreea.ro\/index.php\/wp-json\/wp\/v2\/comments?post=1345"}],"version-history":[{"count":0,"href":"https:\/\/salonandreea.ro\/index.php\/wp-json\/wp\/v2\/pages\/1345\/revisions"}],"wp:attachment":[{"href":"https:\/\/salonandreea.ro\/index.php\/wp-json\/wp\/v2\/media?parent=1345"}],"curies":[{"name":"wp","href":"https:\/\/api.w.org\/{rel}","templated":true}]}}